{"id":199,"date":"2021-08-27T10:53:05","date_gmt":"2021-08-27T08:53:05","guid":{"rendered":"http:\/\/localhost:8888\/htk\/?page_id=199"},"modified":"2021-08-27T10:53:05","modified_gmt":"2021-08-27T08:53:05","slug":"inos-integrating-open-and-citizen-science-into-active-learning-approaches-in-higher-education","status":"publish","type":"page","link":"https:\/\/web.htk.tlu.ee\/htk\/research-themes\/projects\/inos-integrating-open-and-citizen-science-into-active-learning-approaches-in-higher-education\/","title":{"rendered":"INOS &#8211; Integrating open and citizen science into active learning approaches in higher education"},"content":{"rendered":"\n<figure class=\"wp-block-table\"><table><tbody><tr><td><strong>Project period<\/strong><\/td><td><strong>Funded by<\/strong><\/td><td><strong>Local coordinator<\/strong><\/td><td class=\"has-text-align-left\" data-align=\"left\"><strong>Project members<\/strong><\/td><\/tr><tr><td>01.09.2019 \u2013 31.08.2022<\/td><td>Erasmus+ KA2<\/td><td>Kai Pata<\/td><td class=\"has-text-align-left\" data-align=\"left\">K\u00fclli Kori<\/td><\/tr><\/tbody><\/table><\/figure>\n\n\n\n<h4 class=\"wp-block-heading\" id=\"project-overview\">Project overview<\/h4>\n\n\n\n<p>The project is piloting open and citizen science activities in higher education context and develops learning resources, project contributes in increasing public engagement of HE students and staff to the society.<\/p>\n\n\n\n<h4 class=\"wp-block-heading\" id=\"projekti-\u00fclevaade-est\">Projekti \u00fclevaade (EST)<\/h4>\n\n\n\n<p><strong>Projekti pealkiri: Avatud teaduse ja kodanikuteaduse sidumine aktiiv\u00f5ppe meetoditega k\u00f5rghariduses<\/strong><br>Projektis piloteeritakse k\u00f5rghariduse kontekstis avatud teaduse ja kodanikuteaduse interdistsiplinaarseid aktiiv\u00f5ppe tegevusi ja luuakse l\u00e4biviimist toetavat \u00f5pivara. Projekt panustab \u00f5ppijate ja \u00f5ppej\u00f5udude sotsiaalse m\u00f5ju t\u00f5stmisele \u00fchiskonnas l\u00e4bi nende kaasatuse.<\/p>\n\n\n\n<h4 class=\"wp-block-heading\" id=\"project-budget-projekti-eelarve\">Project budget\/ projekti eelarve<\/h4>\n\n\n\n<p>Total(Kogueelarve) 40,4980 \u20ac, TL\u00dc budget (eelarve) 31,420 \u20ac<\/p>\n\n\n\n<h4 class=\"wp-block-heading\" id=\"project-links\">Project links<\/h4>\n\n\n\n<ul><li>Project website:&nbsp;<a href=\"https:\/\/inos-project.eu\/\" target=\"_blank\" rel=\"noreferrer noopener\">https:\/\/inos-project.eu\/<\/a><\/li><li>ETIS project info (in Estonian):&nbsp;<a href=\"https:\/\/www.etis.ee\/Portal\/Projects\/Display\/cf017101-759c-41c0-932f-986b0604609d\" target=\"_blank\" rel=\"noreferrer noopener\">https:\/\/www.etis.ee<\/a><\/li><li>ETIS project info (in English):&nbsp;<a href=\"https:\/\/www.etis.ee\/Portal\/Projects\/Display\/cf017101-759c-41c0-932f-986b0604609d?lang=ENG\" target=\"_blank\" rel=\"noreferrer noopener\">https:\/\/www.etis.ee<\/a><\/li><\/ul>\n\n\n\n<figure class=\"wp-block-image size-large is-resized\"><img decoding=\"async\" src=\"http:\/\/localhost:8888\/htk\/wp-content\/uploads\/2021\/08\/inos-logo.jpg-1022x1024.png\" alt=\"\" class=\"wp-image-202\" width=\"190\" height=\"190\" srcset=\"https:\/\/web.htk.tlu.ee\/htk\/wp-content\/uploads\/2021\/08\/inos-logo.jpg-1022x1024.png 1022w, https:\/\/web.htk.tlu.ee\/htk\/wp-content\/uploads\/2021\/08\/inos-logo.jpg-300x300.png 300w, https:\/\/web.htk.tlu.ee\/htk\/wp-content\/uploads\/2021\/08\/inos-logo.jpg-150x150.png 150w, https:\/\/web.htk.tlu.ee\/htk\/wp-content\/uploads\/2021\/08\/inos-logo.jpg-768x769.png 768w, https:\/\/web.htk.tlu.ee\/htk\/wp-content\/uploads\/2021\/08\/inos-logo.jpg.png 1176w\" sizes=\"(max-width: 190px) 100vw, 190px\" \/><\/figure>\n\n\n\n<figure class=\"wp-block-image size-full\"><img decoding=\"async\" width=\"295\" height=\"84\" src=\"http:\/\/localhost:8888\/htk\/wp-content\/uploads\/2021\/08\/erasmus-plus.png\" alt=\"\" class=\"wp-image-201\"\/><\/figure>\n\n\n\n<p><\/p>\n","protected":false},"excerpt":{"rendered":"<p>Project period Funded by Local coordinator Project members 01.09.2019 \u2013 31.08.2022 Erasmus+ KA2 Kai Pata K\u00fclli Kori Project overview The project is piloting open and citizen science activities in higher education context and develops learning resources, project contributes in increasing public engagement of HE students and staff to the society. Projekti \u00fclevaade (EST) Projekti pealkiri:&hellip; <a class=\"more-link\" href=\"https:\/\/web.htk.tlu.ee\/htk\/research-themes\/projects\/inos-integrating-open-and-citizen-science-into-active-learning-approaches-in-higher-education\/\">Continue reading <span class=\"screen-reader-text\">INOS &#8211; Integrating open and citizen science into active learning approaches in higher education<\/span><\/a><\/p>\n","protected":false},"author":1,"featured_media":200,"parent":197,"menu_order":0,"comment_status":"closed","ping_status":"closed","template":"","meta":{"footnotes":""},"_links":{"self":[{"href":"https:\/\/web.htk.tlu.ee\/htk\/wp-json\/wp\/v2\/pages\/199"}],"collection":[{"href":"https:\/\/web.htk.tlu.ee\/htk\/wp-json\/wp\/v2\/pages"}],"about":[{"href":"https:\/\/web.htk.tlu.ee\/htk\/wp-json\/wp\/v2\/types\/page"}],"author":[{"embeddable":true,"href":"https:\/\/web.htk.tlu.ee\/htk\/wp-json\/wp\/v2\/users\/1"}],"replies":[{"embeddable":true,"href":"https:\/\/web.htk.tlu.ee\/htk\/wp-json\/wp\/v2\/comments?post=199"}],"version-history":[{"count":1,"href":"https:\/\/web.htk.tlu.ee\/htk\/wp-json\/wp\/v2\/pages\/199\/revisions"}],"predecessor-version":[{"id":203,"href":"https:\/\/web.htk.tlu.ee\/htk\/wp-json\/wp\/v2\/pages\/199\/revisions\/203"}],"up":[{"embeddable":true,"href":"https:\/\/web.htk.tlu.ee\/htk\/wp-json\/wp\/v2\/pages\/197"}],"wp:featuredmedia":[{"embeddable":true,"href":"https:\/\/web.htk.tlu.ee\/htk\/wp-json\/wp\/v2\/media\/200"}],"wp:attachment":[{"href":"https:\/\/web.htk.tlu.ee\/htk\/wp-json\/wp\/v2\/media?parent=199"}],"curies":[{"name":"wp","href":"https:\/\/api.w.org\/{rel}","templated":true}]}}