{"id":234,"date":"2021-08-30T10:00:14","date_gmt":"2021-08-30T08:00:14","guid":{"rendered":"http:\/\/localhost:8888\/htk\/?page_id=234"},"modified":"2022-08-12T08:40:40","modified_gmt":"2022-08-12T06:40:40","slug":"dg-turn-enhancing-quality-of-education-through-digital-innovation-in-georgian-schools","status":"publish","type":"page","link":"https:\/\/web.htk.tlu.ee\/htk\/research-themes\/projects\/dg-turn-enhancing-quality-of-education-through-digital-innovation-in-georgian-schools\/","title":{"rendered":"DG-turn- Enhancing Quality of Education through Digital Innovation in Georgian Schools"},"content":{"rendered":"\t\t<div data-elementor-type=\"wp-page\" data-elementor-id=\"234\" class=\"elementor elementor-234\">\n\t\t\t\t\t\t<section class=\"elementor-section elementor-top-section elementor-element elementor-element-32ffe138 elementor-section-boxed elementor-section-height-default elementor-section-height-default\" data-id=\"32ffe138\" data-element_type=\"section\">\n\t\t\t\t\t\t<div class=\"elementor-container elementor-column-gap-default\">\n\t\t\t\t\t<div class=\"elementor-column elementor-col-100 elementor-top-column elementor-element elementor-element-25243e61\" data-id=\"25243e61\" data-element_type=\"column\">\n\t\t\t<div class=\"elementor-widget-wrap elementor-element-populated\">\n\t\t\t\t\t\t<div class=\"elementor-element elementor-element-6a49ad6a elementor-widget elementor-widget-text-editor\" data-id=\"6a49ad6a\" data-element_type=\"widget\" data-widget_type=\"text-editor.default\">\n\t\t\t\t<div class=\"elementor-widget-container\">\n\t\t\t<style>\/*! elementor - v3.21.0 - 26-05-2024 *\/\n.elementor-widget-text-editor.elementor-drop-cap-view-stacked .elementor-drop-cap{background-color:#69727d;color:#fff}.elementor-widget-text-editor.elementor-drop-cap-view-framed .elementor-drop-cap{color:#69727d;border:3px solid;background-color:transparent}.elementor-widget-text-editor:not(.elementor-drop-cap-view-default) .elementor-drop-cap{margin-top:8px}.elementor-widget-text-editor:not(.elementor-drop-cap-view-default) .elementor-drop-cap-letter{width:1em;height:1em}.elementor-widget-text-editor .elementor-drop-cap{float:left;text-align:center;line-height:1;font-size:50px}.elementor-widget-text-editor .elementor-drop-cap-letter{display:inline-block}<\/style>\t\t\t\t<p><!-- wp:table --><\/p>\n<figure>\n<table>\n<tbody>\n<tr>\n<td><strong>Project period<\/strong><\/td>\n<td><strong>Funded by<\/strong><\/td>\n<td><strong>Local coordinator<\/strong><\/td>\n<td><strong>Project members<\/strong><\/td>\n<\/tr>\n<tr>\n<td>15.08.2018\u201330.10.2020 (pikendatud kuni 31.03.2021)<\/td>\n<td>V\u00e4lisministeerium (Eesti Arengukoost\u00f6\u00f6)<\/td>\n<td>Eka Jeladze<\/td>\n<td>Mart Laanpere, Kai Pata<\/td>\n<\/tr>\n<\/tbody>\n<\/table>\n<\/figure>\n<p><!-- \/wp:table --><\/p>\n<p><!-- wp:heading {\"level\":4} --><\/p>\n<h4><br><\/h4>\n<div><span style=\"font-weight: 700; max-width: var(--global--spacing-measure);\">The project is financed by Estonian Ministry of Foreign Affairs from the funds of development cooperation and humanitarian aid.<\/span><br><\/div>\n<div><span style=\"font-weight: 700; max-width: var(--global--spacing-measure);\"><br><\/span><\/div>\n<h4>Project overview<\/h4>\n<p><!-- \/wp:heading --><\/p>\n<p><!-- wp:paragraph --><\/p>\n<p>The teams (principal + 5 teachers) from 120 pilot schools around Georgia were trained to plan and implement whole-school digital innovation strategy, using self-assessment framework DigitalMirror, lesson scenario platform LePlanner and digital learning resource platform Digivaramu developed in Tallinn University. The mission of pilot schools was to lead and disseminate the digital and pedagogical innovation in their region by promoting inquiry-based, interdisciplinary, project based discovery learning using digital tools in order to improve the quality of education and promotiong democratic school culture. TLU designed a training programme based on needs analysis, then trained the trainers from NGO DG-Salt, who carried out the trainings together with Bathumi State University.<\/p>\n<p><!-- \/wp:paragraph --><\/p>\t\t\t\t\t\t<\/div>\n\t\t\t\t<\/div>\n\t\t\t\t\t<\/div>\n\t\t<\/div>\n\t\t\t\t\t<\/div>\n\t\t<\/section>\n\t\t\t\t<section class=\"elementor-section elementor-top-section elementor-element elementor-element-07ad44b elementor-section-boxed elementor-section-height-default elementor-section-height-default\" data-id=\"07ad44b\" data-element_type=\"section\">\n\t\t\t\t\t\t<div class=\"elementor-container elementor-column-gap-default\">\n\t\t\t\t\t<div class=\"elementor-column elementor-col-100 elementor-top-column elementor-element elementor-element-5356d09\" data-id=\"5356d09\" data-element_type=\"column\">\n\t\t\t<div class=\"elementor-widget-wrap elementor-element-populated\">\n\t\t\t\t\t\t<div class=\"elementor-element elementor-element-0a3e08b elementor-widget elementor-widget-image\" data-id=\"0a3e08b\" data-element_type=\"widget\" data-widget_type=\"image.default\">\n\t\t\t\t<div class=\"elementor-widget-container\">\n\t\t\t<style>\/*! elementor - v3.21.0 - 26-05-2024 *\/\n.elementor-widget-image{text-align:center}.elementor-widget-image a{display:inline-block}.elementor-widget-image a img[src$=\".svg\"]{width:48px}.elementor-widget-image img{vertical-align:middle;display:inline-block}<\/style>\t\t\t\t\t\t\t\t\t\t<img fetchpriority=\"high\" decoding=\"async\" width=\"600\" height=\"200\" src=\"https:\/\/web.htk.tlu.ee\/htk\/wp-content\/uploads\/2022\/08\/EAK-600x200px-arengukoostoo.png\" class=\"attachment-large size-large wp-image-822\" alt=\"arengukoostoo\" srcset=\"https:\/\/web.htk.tlu.ee\/htk\/wp-content\/uploads\/2022\/08\/EAK-600x200px-arengukoostoo.png 600w, https:\/\/web.htk.tlu.ee\/htk\/wp-content\/uploads\/2022\/08\/EAK-600x200px-arengukoostoo-300x100.png 300w\" sizes=\"(max-width: 600px) 100vw, 600px\" style=\"width:100%;height:33.33%;max-width:600px\" \/>\t\t\t\t\t\t\t\t\t\t\t\t\t<\/div>\n\t\t\t\t<\/div>\n\t\t\t\t\t<\/div>\n\t\t<\/div>\n\t\t\t\t\t<\/div>\n\t\t<\/section>\n\t\t\t\t<\/div>\n\t\t","protected":false},"excerpt":{"rendered":"<p>Project period Funded by Local coordinator Project members 15.08.2018\u201330.10.2020 (pikendatud kuni 31.03.2021) V\u00e4lisministeerium (Eesti Arengukoost\u00f6\u00f6) Eka Jeladze Mart Laanpere, Kai Pata The project is financed by Estonian Ministry of Foreign Affairs from the funds of development cooperation and humanitarian aid. Project overview The teams (principal + 5 teachers) from 120 pilot schools around Georgia were&hellip; <a class=\"more-link\" href=\"https:\/\/web.htk.tlu.ee\/htk\/research-themes\/projects\/dg-turn-enhancing-quality-of-education-through-digital-innovation-in-georgian-schools\/\">Continue reading <span class=\"screen-reader-text\">DG-turn- Enhancing Quality of Education through Digital Innovation in Georgian Schools<\/span><\/a><\/p>\n","protected":false},"author":1,"featured_media":0,"parent":197,"menu_order":0,"comment_status":"closed","ping_status":"closed","template":"","meta":{"footnotes":""},"_links":{"self":[{"href":"https:\/\/web.htk.tlu.ee\/htk\/wp-json\/wp\/v2\/pages\/234"}],"collection":[{"href":"https:\/\/web.htk.tlu.ee\/htk\/wp-json\/wp\/v2\/pages"}],"about":[{"href":"https:\/\/web.htk.tlu.ee\/htk\/wp-json\/wp\/v2\/types\/page"}],"author":[{"embeddable":true,"href":"https:\/\/web.htk.tlu.ee\/htk\/wp-json\/wp\/v2\/users\/1"}],"replies":[{"embeddable":true,"href":"https:\/\/web.htk.tlu.ee\/htk\/wp-json\/wp\/v2\/comments?post=234"}],"version-history":[{"count":10,"href":"https:\/\/web.htk.tlu.ee\/htk\/wp-json\/wp\/v2\/pages\/234\/revisions"}],"predecessor-version":[{"id":832,"href":"https:\/\/web.htk.tlu.ee\/htk\/wp-json\/wp\/v2\/pages\/234\/revisions\/832"}],"up":[{"embeddable":true,"href":"https:\/\/web.htk.tlu.ee\/htk\/wp-json\/wp\/v2\/pages\/197"}],"wp:attachment":[{"href":"https:\/\/web.htk.tlu.ee\/htk\/wp-json\/wp\/v2\/media?parent=234"}],"curies":[{"name":"wp","href":"https:\/\/api.w.org\/{rel}","templated":true}]}}