{"id":2,"date":"2022-05-04T07:22:59","date_gmt":"2022-05-04T07:22:59","guid":{"rendered":"https:\/\/web.htk.tlu.ee\/koosloome\/?page_id=2"},"modified":"2022-08-24T15:40:12","modified_gmt":"2022-08-24T12:40:12","slug":"avaleht","status":"publish","type":"page","link":"https:\/\/web.htk.tlu.ee\/koosloome\/","title":{"rendered":"Koosloome programm 2022"},"content":{"rendered":"\n<div class=\"wp-block-group has-background-background-color has-background\"><div class=\"wp-block-group__inner-container is-layout-flow wp-block-group-is-layout-flow\">\n<p class=\"has-background-background-color has-background\"><strong>Haridustehnoloogiline koosloome programm alustab 3. lendu!<\/strong><\/p>\n\n\n\n<p class=\"has-drop-cap has-background-background-color has-background\">Augusti l\u00f5pus sai alguse j\u00e4rjekordne koosloome programmi hooaeg!<\/p>\n<\/div><\/div>\n\n\n\n<div class=\"wp-block-columns alignfull has-text-color has-background is-layout-flex wp-container-core-columns-is-layout-9d6595d7 wp-block-columns-is-layout-flex\" style=\"background-color:#ffffff;color:#000000\">\n<div class=\"wp-block-column is-layout-flow wp-block-column-is-layout-flow\">\n<h3 class=\"wp-block-heading\" style=\"font-size:24px;line-height:1.3\"><strong><strong>Mi<\/strong><\/strong>llega tegu?<\/h3>\n\n\n\n<p>Koosloome haridusasutuste ning ettev\u00f5tete vahel p\u00f5hineb rahvusvahelistel riiklikel edulugudel, mis on aidanud kaasa haridusvaldkonna innovatsioonile ja (idu)ettev\u00f5tluse edendamisele. Parimaks n\u00e4iteks ja eeskujuks on Soomes haridusinstitutsioonide ja xEdu kiirendi koost\u00f6\u00f6s v\u00e4lja t\u00f6\u00f6tatud mudel <a rel=\"noreferrer noopener\" href=\"https:\/\/openlivinglabdays.com\/2019\/06\/19\/scaling-public-private-co-creation\/\" target=\"_blank\">KYKY Living Lab<\/a> ja University College London (UCL) pakutav programm <a rel=\"noreferrer noopener\" href=\"https:\/\/www.ucleducate.com\/\" target=\"_blank\">EDUCATE<\/a>. <\/p>\n\n\n\n<p class=\"has-text-align-left\">Eestis juurutatava&nbsp;koosloome&nbsp;eesm\u00e4rgiks on <strong>kiirendada haridusinnovatsiooni kaasates haridusvaldkonna iduette<\/strong><strong>v\u00f5tteid&nbsp;ja haridusasutusi<\/strong>.<\/p>\n<\/div>\n\n\n\n<div class=\"wp-block-column is-layout-flow wp-block-column-is-layout-flow\">\n<h3 class=\"wp-block-heading\" style=\"font-size:24px;line-height:1.3\">Programmi teemad:<\/h3>\n\n\n\n<p>Selleaastane programm keskendub neljale suuremale teemale. Otsime lahendusi, mis aitavad kaasa allj\u00e4rgnevale:<\/p>\n\n\n\n<ul class=\"wp-block-list\"><li><strong>M\u00f5tlemise arendamine<\/strong>. \u00d5ppija m\u00f5tlemise arengut toetavate \u00f5petamisviiside katsetamine ja toetamine.<\/li><li><strong>Loovuse arendamine<\/strong>. \u00d5ppija loovuse arendamine, mis toetaks \u00f5ppetegevusi ning mis v\u00f5imaldaks \u00f5ppijatel avastada, uurida ning rakendada oma loovust asjakohasel, huvitaval ja rahuldust pakkuval viisil.<\/li><li><strong>\u00d5pioskuste toetamine<\/strong>. \u00d5ppijate \u00f5pioskuste teadlik toetamine, mis aitaks t\u00f5husamalt \u00f5ppida, oma huvisid ja tugevusi teadvustada ja v\u00f5imalikke \u00f5piteid planeerida.<\/li><li><strong>Vaimne ja f\u00fc\u00fcsiline heaolu<\/strong>. \u00d5petajate ja\/v\u00f5i \u00f5ppijate vaimsele ja f\u00fc\u00fcsilisele heaolule keskendumine, pakkudes lahendusi, mis aitaksid heaolu t\u00f5sta ja hoida.<\/li><\/ul>\n<\/div>\n\n\n\n<div class=\"wp-block-column is-layout-flow wp-block-column-is-layout-flow\">\n<h5 class=\"wp-block-heading\"><strong>V\u00e4\u00e4rtused osalejate jaoks:<\/strong><\/h5>\n\n\n\n<p><strong>Programmis osalemise v\u00e4\u00e4rtus iduettev\u00f5tetele\/meeskondadele:<\/strong><\/p>\n\n\n\n<ul class=\"wp-block-list\"><li>Idee arendamine ja valideerimine teadlaste ja l\u00f5ppkasutajatega<\/li><li>Tugev referents ning usaldusv\u00e4\u00e4rsus edasiseks kasvamiseks ja laienemiseks<\/li><li>Ametlik tunnustus kui Eesti haridusinnovatsiooni edendaja<\/li><li>V\u00f5imalus osaleda haridustehnoloogilistes <a rel=\"noreferrer noopener\" href=\"https:\/\/web.htk.tlu.ee\/koosloome\/avaleht\/tootoad\" data-type=\"URL\" target=\"_blank\">t\u00f6\u00f6tubades<\/a><\/li><li>V\u00f5imalus esitleda l\u00f5pu\u00fcritusel enda lahendust ka <a href=\"https:\/\/heategu.ee\/haridusfond\" target=\"_blank\" rel=\"noreferrer noopener\">Heateo Haridusfondile<\/a>, mis tegeleb haridusuuenduste toetamisega Eestis.<\/li><\/ul>\n\n\n\n<p><strong>Programmis osalemise v\u00e4\u00e4rtus \u00f5petajatele:<\/strong><\/p>\n\n\n\n<ul class=\"wp-block-list\"><li>Olla v\u00e4ga oluline osaline haridustehnoloogilise lahenduse v\u00e4ljat\u00f6\u00f6tamisel<\/li><li>V\u00f5imalus kaasata enda \u00f5pilasi tegevustesse ja rikastada \u00f5ppet\u00f6\u00f6d<\/li><li>V\u00f5imalus osaleda haridustehnoloogilistes t\u00f6\u00f6tubades<\/li><li>Tunnistus TL\u00dc poolt<\/li><\/ul>\n\n\n\n<p><strong>M\u00f5tteid eelmistel aastatel osalenutelt:<\/strong><\/p>\n\n\n\n<ul class=\"wp-block-list\"><li>\u201cTore koost\u00f6\u00f6, meeldiv \u00f5hkkond!\u201d; \u201cT\u00f6\u00f6toad olid v\u00e4ga huvitavad, kasulikud, harivad!\u201d; <\/li><li>\u201cMinu jaoks oli huvitav kogeda ja \u00f5ppida!\u201d<\/li><li>&#8220;\u00d5petajad kasutasid meie vahendit oma tundides ja nad lasid meid ka enda tundidesse. See k\u00f5ik oli v\u00e4ga v\u00e4\u00e4rtuslik meie jaoks&#8221;.<\/li><\/ul>\n<\/div>\n<\/div>\n\n\n\n<div class=\"wp-block-group has-background-background-color has-background\"><div class=\"wp-block-group__inner-container is-layout-flow wp-block-group-is-layout-flow\">\n<p class=\"has-background-background-color has-background\"><\/p>\n\n\n\n<p class=\"has-background-background-color has-background\"><\/p>\n\n\n\n<p class=\"has-background-background-color has-background\"><strong>Kontakt:<\/strong><\/p>\n\n\n\n<p class=\"has-background-background-color has-background\">Pirgit Sillaots, pirgit.sillaots@tlu.ee<\/p>\n\n\n\n<p class=\"has-background-background-color has-background\"><em>2022. aastal alustab programm kolmandat korda. Programmi juhib Tallinna \u00dclikooli haridustehnoloogia keskus ning aitavad ellu viia Tartu \u00dclikool, EdTech Estonia, Haridus- ja Teadusministeerium ning Startup Estonia. 2020. aasta programmist saad t\u00e4psemalt lugeda <a href=\"https:\/\/www.edtech-koosloome.ee\/?fbclid=IwAR1hfE1wb2IobpyBETR1orkGbY4iCnT8WEU4FMKHaNjVd7lVtJFV1FeW9og\">siit<\/a> ning 2021. aasta programmi info on <a href=\"https:\/\/eduspace.tlu.ee\/koosloome\/\">siin<\/a>.&nbsp;<\/em><\/p>\n<\/div><\/div>\n\n\n\n<div class=\"wp-block-group alignfull\"><div class=\"wp-block-group__inner-container is-layout-flow wp-block-group-is-layout-flow\">\n<div class=\"wp-block-columns alignwide are-vertically-aligned-center has-white-background-color has-background is-layout-flex wp-container-core-columns-is-layout-9d6595d7 wp-block-columns-is-layout-flex\">\n<div class=\"wp-block-column is-vertically-aligned-center has-white-background-color has-background is-layout-flow wp-block-column-is-layout-flow\"><div class=\"wp-block-image\">\n<figure class=\"aligncenter size-full is-resized\"><img loading=\"lazy\" decoding=\"async\" src=\"https:\/\/web.htk.tlu.ee\/koosloome\/wp-content\/uploads\/2022\/05\/EmbeddedImage.png\" alt=\"\" class=\"wp-image-24\" width=\"88\" height=\"30\"\/><\/figure>\n<\/div><\/div>\n\n\n\n<div class=\"wp-block-column is-vertically-aligned-center is-layout-flow wp-block-column-is-layout-flow\">\n<figure class=\"wp-block-image size-full\"><img loading=\"lazy\" decoding=\"async\" width=\"250\" height=\"70\" src=\"https:\/\/web.htk.tlu.ee\/koosloome\/wp-content\/uploads\/2022\/05\/edtech_estonia_logo_250x70-1.png\" alt=\"\" class=\"wp-image-83\"\/><\/figure>\n<\/div>\n\n\n\n<div class=\"wp-block-column is-vertically-aligned-center has-white-background-color has-background is-layout-flow wp-block-column-is-layout-flow\"><div class=\"wp-block-image\">\n<figure class=\"aligncenter size-large is-resized\"><img loading=\"lazy\" decoding=\"async\" src=\"https:\/\/web.htk.tlu.ee\/koosloome\/wp-content\/uploads\/2022\/05\/HTM-uus-1024x410.jpeg\" alt=\"\" class=\"wp-image-135\" width=\"162\" height=\"64\" srcset=\"https:\/\/web.htk.tlu.ee\/koosloome\/wp-content\/uploads\/2022\/05\/HTM-uus-1024x410.jpeg 1024w, https:\/\/web.htk.tlu.ee\/koosloome\/wp-content\/uploads\/2022\/05\/HTM-uus-300x120.jpeg 300w, https:\/\/web.htk.tlu.ee\/koosloome\/wp-content\/uploads\/2022\/05\/HTM-uus-768x307.jpeg 768w, https:\/\/web.htk.tlu.ee\/koosloome\/wp-content\/uploads\/2022\/05\/HTM-uus-1536x614.jpeg 1536w, https:\/\/web.htk.tlu.ee\/koosloome\/wp-content\/uploads\/2022\/05\/HTM-uus-1200x480.jpeg 1200w, https:\/\/web.htk.tlu.ee\/koosloome\/wp-content\/uploads\/2022\/05\/HTM-uus.jpeg 1890w\" sizes=\"auto, (max-width: 162px) 100vw, 162px\" \/><\/figure>\n<\/div><\/div>\n\n\n\n<div class=\"wp-block-column is-vertically-aligned-center has-white-background-color has-background is-layout-flow wp-block-column-is-layout-flow\">\n<figure class=\"wp-block-image size-full\"><img loading=\"lazy\" decoding=\"async\" width=\"689\" height=\"170\" src=\"https:\/\/web.htk.tlu.ee\/koosloome\/wp-content\/uploads\/2022\/05\/EmbeddedImage3.png\" alt=\"\" class=\"wp-image-26\" srcset=\"https:\/\/web.htk.tlu.ee\/koosloome\/wp-content\/uploads\/2022\/05\/EmbeddedImage3.png 689w, https:\/\/web.htk.tlu.ee\/koosloome\/wp-content\/uploads\/2022\/05\/EmbeddedImage3-300x74.png 300w\" sizes=\"auto, (max-width: 689px) 100vw, 689px\" \/><\/figure>\n<\/div>\n\n\n\n<div class=\"wp-block-column is-layout-flow wp-block-column-is-layout-flow\">\n<figure class=\"wp-block-image size-large\"><a href=\"https:\/\/ut.ee\/et\"><img loading=\"lazy\" decoding=\"async\" width=\"1024\" height=\"538\" src=\"https:\/\/web.htk.tlu.ee\/koosloome\/wp-content\/uploads\/2022\/05\/tartu-ylikool-1024x538.png\" alt=\"\" class=\"wp-image-158\" srcset=\"https:\/\/web.htk.tlu.ee\/koosloome\/wp-content\/uploads\/2022\/05\/tartu-ylikool-1024x538.png 1024w, https:\/\/web.htk.tlu.ee\/koosloome\/wp-content\/uploads\/2022\/05\/tartu-ylikool-300x158.png 300w, https:\/\/web.htk.tlu.ee\/koosloome\/wp-content\/uploads\/2022\/05\/tartu-ylikool-768x403.png 768w, https:\/\/web.htk.tlu.ee\/koosloome\/wp-content\/uploads\/2022\/05\/tartu-ylikool.png 1200w\" sizes=\"auto, (max-width: 1024px) 100vw, 1024px\" \/><\/a><\/figure>\n<\/div>\n<\/div>\n<\/div><\/div>\n\n\n\n<p><\/p>\n\n\n\n<div class=\"wp-block-columns is-layout-flex wp-container-core-columns-is-layout-9d6595d7 wp-block-columns-is-layout-flex\">\n<div class=\"wp-block-column is-layout-flow wp-block-column-is-layout-flow\"><\/div>\n\n\n\n<div class=\"wp-block-column is-layout-flow wp-block-column-is-layout-flow\"><\/div>\n<\/div>\n","protected":false},"excerpt":{"rendered":"<p>Haridustehnoloogiline koosloome programm alustab 3. lendu! Augusti l\u00f5pus sai alguse j\u00e4rjekordne koosloome programmi hooaeg! Millega tegu? Koosloome haridusasutuste ning ettev\u00f5tete vahel p\u00f5hineb rahvusvahelistel riiklikel edulugudel, mis on aidanud kaasa haridusvaldkonna innovatsioonile ja (idu)ettev\u00f5tluse edendamisele. Parimaks n\u00e4iteks ja eeskujuks on Soomes haridusinstitutsioonide ja xEdu kiirendi koost\u00f6\u00f6s v\u00e4lja t\u00f6\u00f6tatud mudel KYKY Living Lab ja University College London [&hellip;]<\/p>\n","protected":false},"author":1,"featured_media":0,"parent":0,"menu_order":0,"comment_status":"closed","ping_status":"open","template":"","meta":{"footnotes":""},"class_list":["post-2","page","type-page","status-publish","hentry"],"_links":{"self":[{"href":"https:\/\/web.htk.tlu.ee\/koosloome\/wp-json\/wp\/v2\/pages\/2","targetHints":{"allow":["GET"]}}],"collection":[{"href":"https:\/\/web.htk.tlu.ee\/koosloome\/wp-json\/wp\/v2\/pages"}],"about":[{"href":"https:\/\/web.htk.tlu.ee\/koosloome\/wp-json\/wp\/v2\/types\/page"}],"author":[{"embeddable":true,"href":"https:\/\/web.htk.tlu.ee\/koosloome\/wp-json\/wp\/v2\/users\/1"}],"replies":[{"embeddable":true,"href":"https:\/\/web.htk.tlu.ee\/koosloome\/wp-json\/wp\/v2\/comments?post=2"}],"version-history":[{"count":67,"href":"https:\/\/web.htk.tlu.ee\/koosloome\/wp-json\/wp\/v2\/pages\/2\/revisions"}],"predecessor-version":[{"id":189,"href":"https:\/\/web.htk.tlu.ee\/koosloome\/wp-json\/wp\/v2\/pages\/2\/revisions\/189"}],"wp:attachment":[{"href":"https:\/\/web.htk.tlu.ee\/koosloome\/wp-json\/wp\/v2\/media?parent=2"}],"curies":[{"name":"wp","href":"https:\/\/api.w.org\/{rel}","templated":true}]}}