{"id":40,"date":"2022-05-14T13:49:47","date_gmt":"2022-05-14T10:49:47","guid":{"rendered":"https:\/\/web.htk.tlu.ee\/koosloome\/?page_id=40"},"modified":"2022-09-23T12:13:43","modified_gmt":"2022-09-23T09:13:43","slug":"tootoad","status":"publish","type":"page","link":"https:\/\/web.htk.tlu.ee\/koosloome\/avaleht\/tootoad\/","title":{"rendered":"Programmi t\u00f6\u00f6toad"},"content":{"rendered":"\n<div class=\"wp-block-group alignwide has-background-background-color has-background\"><div class=\"wp-block-group__inner-container is-layout-flow wp-block-group-is-layout-flow\">\n<h5 class=\"alignwide has-background-background-color has-background wp-block-heading\">T\u00f6\u00f6toad* ja oodatavad \u00f5piv\u00e4ljundid:<\/h5>\n\n\n\n<figure class=\"wp-block-table alignwide is-style-stripes has-small-font-size\"><table class=\"has-background-background-color has-background has-fixed-layout\"><tbody><tr><td><strong>T\u00f6\u00f6tuba<\/strong><\/td><td><strong>Oodatavad \u00f5piv\u00e4ljundid<\/strong><\/td><td><\/td><\/tr><tr><td>T\u00f5endusp\u00f5hine haridusinnovatsiooni koosloome &#8211; 20.09. kell 14.00, TL\u00dc ruum A402. Lektor prof. Kairit Tammets.<\/td><td>M\u00f5istab t\u00f5endusp\u00f5histe praktikate v\u00e4\u00e4rtust ja asjakohasust haridusinnovatsiooni kontekstis.<\/td><td>Kohustuslik<\/td><\/tr><tr><td>\u00d5pime \u00f5ppima &#8211; 20.09. kell 14.00, TL\u00dc ruum A402. Lektor prof. Kairit Tammets.<\/td><td>On tuttav \u00f5ppimise peamiste p\u00f5him\u00f5tetega ning oskab neid arvesse v\u00f5tta \u00f5pitehnoloogiate loomise etapis.<\/td><td>Kohustuslik<\/td><\/tr><tr><td>\u00d5pianal\u00fc\u00fctiliste lahenduste loomine &#8211; 22.11. kell 14.00, TL\u00dc ruum A402. Lektor prof. Kairit Tammets. <\/td><td>M\u00f5istab \u00f5pianal\u00fc\u00fctika rakendamise v\u00f5imalusi enda toote\/teenuse kontekstis ning oskab luua seoseid \u00f5pianal\u00fc\u00fctika ja \u00f5ppimisteaduste vahel.<\/td><td>Kohustuslik<\/td><\/tr><tr><td>\u00d5ppedisain &#8211; 10.10. kell 18.30 Zoom. Lektor Kaisa Norak.<\/td><td>Oskab anal\u00fc\u00fcsida sihtr\u00fchma vajadusi, valida konteksti ja probleemip\u00fcstituse \u00f5ppedisaini l\u00e4htekohaks ja oskab valida sihtr\u00fchmale sobivad \u00f5pistrateegiad ja taktikad.<\/td><td>Kohustuslik<\/td><\/tr><tr><td>Kasutajakeskne kogemusdisain &#8211; 13.10. kell 14.00, TL\u00dc ruum M649. Lektor Mati M\u00f5ttus.<\/td><td>Saab aru kasutajakogemuse m\u00f5istest ja oskab hinnata sihtgrupi vajadusi lihtsamate kasutajakeskse disaini meetoditega.<\/td><td>Valik<\/td><\/tr><tr><td>Haridusliku m\u00e4ngu disain &#8211; 11.11. kell 14.00, TL\u00dc ruum A303. Lektor Martin Sillaots.<\/td><td>Oskab kavandada \u00f5ppeotstarbelist m\u00e4ngu, t\u00f5lgendada m\u00e4ngu kavandamise protsessi ning valida m\u00e4nguelemente tulenevalt oma m\u00e4ngu eesm\u00e4rgist.<\/td><td>Valik<\/td><\/tr><tr><td>Juriidilised v\u00e4ljakutsed arendamisel: autori\u00f5igus ja isikuandmete kaitse \u00f5igus &#8211; 05.10. kell 15.00 TL\u00dc &#8211; ruum A447. Lektor Eero Johannes.<\/td><td>Oskab p\u00fcstitada autori\u00f5iguse ja isikuandmete kaitse \u00f5iguse osas olulisi k\u00fcsimusi (Milliseid \u00f5igusi on mul vaja? Kuidas eelnimetatud \u00f5igusi hankida? Milliste \u00f5igustega pean arvestama?) ning otsida eelnimetatud k\u00fcsimistele vastuseid, hinnata \u00f5iguslikke riske ja vajadust kasutada \u00f5igusabi.<\/td><td>Valik<\/td><\/tr><tr><td>\u00c4rimudel ja teenuse\/toote arendamine &#8211; 06.10. kell 14.00 Zoom. Lektor Kadri Tuisk. <\/td><td>Oskab koostada endale vajalikku \u00e4rimudelit ning anal\u00fc\u00fcsida teenuse\/toote arendamise protsessi.<\/td><td>Valik<\/td><\/tr><\/tbody><\/table><\/figure>\n<\/div><\/div>\n\n\n\n<p class=\"has-background-background-color has-background\">*Koosloome programmi t\u00f6\u00f6toad ja mentori abi on osalejatele tasuta. Tootearenduse kulusid selle programmi raames ei kaeta. Samas p\u00e4lvivad programmis osalenud meeskonnad ja \u00f5ppeasutuste partnerid ametliku tunnustuse kui Eesti haridusinnovatsiooni koosloome partner, mis annab osalevatele meeskondadele\/ettev\u00f5tetele tugeva referentsi ning usaldusv\u00e4\u00e4rsuse edasiseks kasvamiseks ja laienemiseks.<\/p>\n","protected":false},"excerpt":{"rendered":"<p>T\u00f6\u00f6toad* ja oodatavad \u00f5piv\u00e4ljundid: T\u00f6\u00f6tuba Oodatavad \u00f5piv\u00e4ljundid T\u00f5endusp\u00f5hine haridusinnovatsiooni koosloome &#8211; 20.09. kell 14.00, TL\u00dc ruum A402. Lektor prof. Kairit Tammets. M\u00f5istab t\u00f5endusp\u00f5histe praktikate v\u00e4\u00e4rtust ja asjakohasust haridusinnovatsiooni kontekstis. Kohustuslik \u00d5pime \u00f5ppima &#8211; 20.09. kell 14.00, TL\u00dc ruum A402. Lektor prof. Kairit Tammets. On tuttav \u00f5ppimise peamiste p\u00f5him\u00f5tetega ning oskab neid arvesse v\u00f5tta \u00f5pitehnoloogiate loomise [&hellip;]<\/p>\n","protected":false},"author":4,"featured_media":0,"parent":2,"menu_order":0,"comment_status":"closed","ping_status":"closed","template":"templates\/template-full-width.php","meta":{"footnotes":""},"class_list":["post-40","page","type-page","status-publish","hentry"],"_links":{"self":[{"href":"https:\/\/web.htk.tlu.ee\/koosloome\/wp-json\/wp\/v2\/pages\/40","targetHints":{"allow":["GET"]}}],"collection":[{"href":"https:\/\/web.htk.tlu.ee\/koosloome\/wp-json\/wp\/v2\/pages"}],"about":[{"href":"https:\/\/web.htk.tlu.ee\/koosloome\/wp-json\/wp\/v2\/types\/page"}],"author":[{"embeddable":true,"href":"https:\/\/web.htk.tlu.ee\/koosloome\/wp-json\/wp\/v2\/users\/4"}],"replies":[{"embeddable":true,"href":"https:\/\/web.htk.tlu.ee\/koosloome\/wp-json\/wp\/v2\/comments?post=40"}],"version-history":[{"count":21,"href":"https:\/\/web.htk.tlu.ee\/koosloome\/wp-json\/wp\/v2\/pages\/40\/revisions"}],"predecessor-version":[{"id":218,"href":"https:\/\/web.htk.tlu.ee\/koosloome\/wp-json\/wp\/v2\/pages\/40\/revisions\/218"}],"up":[{"embeddable":true,"href":"https:\/\/web.htk.tlu.ee\/koosloome\/wp-json\/wp\/v2\/pages\/2"}],"wp:attachment":[{"href":"https:\/\/web.htk.tlu.ee\/koosloome\/wp-json\/wp\/v2\/media?parent=40"}],"curies":[{"name":"wp","href":"https:\/\/api.w.org\/{rel}","templated":true}]}}