{"id":46,"date":"2022-05-14T14:00:39","date_gmt":"2022-05-14T11:00:39","guid":{"rendered":"https:\/\/web.htk.tlu.ee\/koosloome\/?page_id=46"},"modified":"2022-11-08T15:02:14","modified_gmt":"2022-11-08T13:02:14","slug":"valikukriteeriumid","status":"publish","type":"page","link":"https:\/\/web.htk.tlu.ee\/koosloome\/avaleht\/valikukriteeriumid\/","title":{"rendered":"Programmi meeskonnad"},"content":{"rendered":"\n<div class=\"wp-block-group alignwide has-background-background-color has-background\"><div class=\"wp-block-group__inner-container is-layout-flow wp-block-group-is-layout-flow\">\n<div class=\"wp-block-group alignwide\"><div class=\"wp-block-group__inner-container is-layout-flow wp-block-group-is-layout-flow\">\n<iframe loading=\"lazy\" src=\"\/\/www.slideshare.net\/slideshow\/embed_code\/key\/EIhLn8m6f6R0If\" width=\"595\" height=\"485\" frameborder=\"0\" marginwidth=\"0\" marginheight=\"0\" scrolling=\"no\" style=\"border:1px solid #CCC; border-width:1px; margin-bottom:5px; max-width: 100%;\" allowfullscreen=\"\"> <\/iframe>\n\n\n\n<div style=\"height:50px\" aria-hidden=\"true\" class=\"wp-block-spacer\"><\/div>\n\n\n\n<p><strong><a rel=\"noreferrer noopener\" href=\"https:\/\/docs.google.com\/presentation\/u\/1\/d\/1PPByKz1wUiTPufR0r3IdD4-2nZngxiKz\/edit?usp=drive_web&amp;ouid=108520409458925303245&amp;rtpof=true\" target=\"_blank\">ClassAct<\/a><\/strong> &#8211; kooli juhtimiss\u00fcsteem, mis koondab k\u00f5ik koolide elut\u00e4htsad andmeallikad \u00fchte asukohta ja paneb nad kooli t\u00f5husaks haldamiseks koost\u00f6\u00f6d tegema.<\/p>\n\n\n\n<p><strong>Meeskond:<\/strong> Martin \u00d6\u00f6vel, Phil James Mills, Kristine Laanisto<\/p>\n\n\n\n<p>\u00d5R klassijuhataja ja haridustehnoloog Silja Miks &#8211; Rakvere Reaalkool<\/p>\n\n\n\n<p>Informaatika\u00f5petaja ja haridustehnoloog Kristi Metshein &#8211; Turba Kool<\/p>\n\n\n\n<p>Mentor Terje V\u00e4ljataga &#8211; TL\u00dc \u00f5pikeskkonna uuringute vanemteadur<\/p>\n\n\n\n<hr class=\"wp-block-separator has-alpha-channel-opacity is-style-default\"\/>\n\n\n\n<iframe loading=\"lazy\" src=\"\/\/www.slideshare.net\/slideshow\/embed_code\/key\/HOQb4GH5FaSBMM\" width=\"595\" height=\"485\" frameborder=\"0\" marginwidth=\"0\" marginheight=\"0\" scrolling=\"no\" style=\"border:1px solid #CCC; border-width:1px; margin-bottom:5px; max-width: 100%;\" allowfullscreen=\"\"> <\/iframe> <div style=\"margin-bottom:5px\"><\/div>\n\n\n\n<div class=\"wp-block-group\"><div class=\"wp-block-group__inner-container is-layout-flow wp-block-group-is-layout-flow\">\n<div class=\"wp-block-group\"><div class=\"wp-block-group__inner-container is-layout-flow wp-block-group-is-layout-flow\">\n<div style=\"height:50px\" aria-hidden=\"true\" class=\"wp-block-spacer\"><\/div>\n\n\n\n<p><strong><a rel=\"noreferrer noopener\" href=\"https:\/\/docs.google.com\/presentation\/d\/1-tsPNQB_OqP9FnrlETaTJKFwn2AmHzRM\/edit#slide=id.p1\" target=\"_blank\">SiRo<\/a><\/strong> &#8211; eesm\u00e4rgiks on siduda inseneeriaharidus \u00fcldhariduslike teadmistega ning tuua see lapse arenguga kaasa.<br>Soovitakse luua \u00f6kos\u00fcsteemi sidudes robootikakomplektid ja valdkonna eestvedajad \u00fchtse standardiga toetamaks inseneeriahariduse integratsiooni hariduss\u00fcsteemi.<\/p>\n\n\n\n<p><strong>Meeskond: <\/strong>Silja Aasm\u00e4e<\/p>\n\n\n\n<p>Klassi- ja loodus\u00f5petuse \u00f5petaja Kadi Hirv &#8211; Kadrioru Saksa G\u00fcmnaasium<\/p>\n\n\n\n<p>Loodusainete \u00f5petaja ja haridustehnoloog Cristina Kaska &#8211; Aruk\u00fcla P\u00f5hikool<\/p>\n\n\n\n<p>Mentor Jaan Aru &#8211; Tartu \u00dclikooli arvutusliku neuroteaduse ja tehisintellekti kaasprofessor<\/p>\n\n\n\n<p>Mentor Kadri Tuisk &#8211; CEO Clanbeat<\/p>\n\n\n\n<hr class=\"wp-block-separator has-alpha-channel-opacity is-style-default\"\/>\n<\/div><\/div>\n<\/div><\/div>\n\n\n\n<iframe loading=\"lazy\" src=\"\/\/www.slideshare.net\/slideshow\/embed_code\/key\/hKcIujYn6AoNdu\" width=\"595\" height=\"485\" frameborder=\"0\" marginwidth=\"0\" marginheight=\"0\" scrolling=\"no\" style=\"border:1px solid #CCC; border-width:1px; margin-bottom:5px; max-width: 100%;\" allowfullscreen=\"\"> <\/iframe> <div style=\"margin-bottom:5px\"><\/div>\n\n\n\n<div style=\"height:50px\" aria-hidden=\"true\" class=\"wp-block-spacer\"><\/div>\n\n\n\n<p><strong><a rel=\"noreferrer noopener\" href=\"https:\/\/docs.google.com\/presentation\/d\/1R71nRgwKTmPRAH8TX9WFCJFmkoSUdDJ4\/edit\" target=\"_blank\">Motivum Games<\/a><\/strong>&nbsp;\u2013 mobiilim\u00e4ng, mis aitab t\u00f5sta noorte kehalist aktiivsust ja hoida vaimset tervist. M\u00e4ngija eesm\u00e4rgiks on hoolt kanda virtuaalse looma eest. Looma tervist ja heaolu m\u00f5jutab m\u00e4ngija f\u00fc\u00fcsiline aktiivsus.<\/p>\n\n\n\n<p><strong>Meeskond:<\/strong> Rauno Kullas, Raul K\u00fcbarsepp, Mykola Herasymovych, Erich Brutus, Peep Tani<\/p>\n\n\n\n<p>Klassi\u00f5petaja Diiana Balandina &#8211; Randvere Kool<\/p>\n\n\n\n<p>Mentor Martin Sillaots &#8211; TL\u00dc t\u00f5sim\u00e4ngude dotsent<\/p>\n\n\n\n<p>Mentor Kelly Lilles &#8211; ALPA Kids tegev- ja sisujuht<\/p>\n\n\n\n<p>Mentor Kerstin K\u00f6\u00f6p &#8211; TL\u00dc alushariduse nooremlektor<\/p>\n\n\n\n<hr class=\"wp-block-separator has-alpha-channel-opacity is-style-default\"\/>\n<\/div><\/div>\n\n\n\n<iframe loading=\"lazy\" src=\"\/\/www.slideshare.net\/slideshow\/embed_code\/key\/r9BhpL9b7i2xjh\" width=\"595\" height=\"485\" frameborder=\"0\" marginwidth=\"0\" marginheight=\"0\" scrolling=\"no\" style=\"border:1px solid #CCC; border-width:1px; margin-bottom:5px; max-width: 100%;\" allowfullscreen=\"\"> <\/iframe> <div style=\"margin-bottom:5px\"><\/div>\n\n\n\n<div style=\"height:50px\" aria-hidden=\"true\" class=\"wp-block-spacer\"><\/div>\n\n\n\n<p><strong><a rel=\"noreferrer noopener\" href=\"https:\/\/docs.google.com\/presentation\/d\/1i8obs4qG0Tw3y6u8eO-d4k3F02GW6hHF\/edit#slide=id.p1\" target=\"_blank\">KideoCall<\/a>&nbsp;<\/strong>\u2013 missiooniks on v\u00e4hendada v\u00e4ikelaste passiivset ekraaniaega ning vanemate stressi t\u00f6\u00f6 ja pereelu \u00fchitamisel ning kes aitavad arendada v\u00e4lismaal elavate v\u00e4ikelaste eesti keelt ning kultuurikontakti.<\/p>\n\n\n\n<p><strong>Meeskond:<\/strong> Liis V\u00e4\u00e4na, Reelika L\u00f5hmus, Liis Siiroja, Annely Lill, Liana Kurg, Jane Sepp<\/p>\n\n\n\n<p>\u00d5petaja Marju Vunk &#8211; Maardu lasteaed Sipsik<\/p>\n\n\n\n<p>\u00d5petaja Mariana Koho &#8211; Tallinna Lasteaed Delfiin<\/p>\n\n\n\n<p>Mentor Linda Helene Sillat &#8211; TL\u00dc digitehnoloogiate instituudi nooremteadur<\/p>\n\n\n\n<p>Mentor Ede Schank Tamkivi &#8211; Vabamu &#8220;Nova (Noorte Vabamu)&#8221; tootejuht<\/p>\n\n\n\n<p>Mentor Kaire Kollom &#8211; TL\u00dc haridustehnoloogia lektor<\/p>\n\n\n\n<hr class=\"wp-block-separator has-alpha-channel-opacity is-style-default\"\/>\n\n\n\n<iframe loading=\"lazy\" src=\"\/\/www.slideshare.net\/slideshow\/embed_code\/key\/EROGEno7oCXgpR\" width=\"595\" height=\"485\" frameborder=\"0\" marginwidth=\"0\" marginheight=\"0\" scrolling=\"no\" style=\"border:1px solid #CCC; border-width:1px; margin-bottom:5px; max-width: 100%;\" allowfullscreen=\"\"> <\/iframe> <div style=\"margin-bottom:5px\"><\/div>\n\n\n\n<div style=\"height:50px\" aria-hidden=\"true\" class=\"wp-block-spacer\"><\/div>\n\n\n\n<p><strong><a rel=\"noreferrer noopener\" href=\"https:\/\/docs.google.com\/presentation\/d\/1kRMvHUN09jRLEef1305W8VH4yBv-i9u7\/edit#slide=id.p1\" target=\"_blank\">CyberSages<\/a><\/strong> &#8211;  e-\u00f5ppe lahendus, mis on disainitud spetsiaalselt vastavuskontrolli valdkonna spetsialistidele. \u00dcheks p\u00f5hiliseks lahenduse osaks on virtuaalsed laborid, kus \u00f5ppurid saavad l\u00e4bi reaaleluliste simulatsioonide praktilise kogemuse. Peamiseks eesm\u00e4rgiks on muuta nii Eesti kui ka \u00fclej\u00e4\u00e4nud maailm turvalisemaks paigaks!<\/p>\n\n\n\n<p>Programmi katkestanud.<\/p>\n\n\n\n<p><strong>Meeskond:<\/strong> Katariina Kalda, Wellington Oscar Souza<\/p>\n\n\n\n<p>Koolitaja Katrin Karu &#8211; TL\u00dc andragoogika dotsent<\/p>\n\n\n\n<p>Mentor Kai Pata &#8211; TL\u00dc t\u00e4iskasvanuhariduse ja mitteformaal\u00f5ppe professor<\/p>\n<\/div><\/div>\n","protected":false},"excerpt":{"rendered":"<p>ClassAct &#8211; kooli juhtimiss\u00fcsteem, mis koondab k\u00f5ik koolide elut\u00e4htsad andmeallikad \u00fchte asukohta ja paneb nad kooli t\u00f5husaks haldamiseks koost\u00f6\u00f6d tegema. Meeskond: Martin \u00d6\u00f6vel, Phil James Mills, Kristine Laanisto \u00d5R klassijuhataja ja haridustehnoloog Silja Miks &#8211; Rakvere Reaalkool Informaatika\u00f5petaja ja haridustehnoloog Kristi Metshein &#8211; Turba Kool Mentor Terje V\u00e4ljataga &#8211; TL\u00dc \u00f5pikeskkonna uuringute vanemteadur SiRo &#8211; [&hellip;]<\/p>\n","protected":false},"author":4,"featured_media":0,"parent":2,"menu_order":0,"comment_status":"closed","ping_status":"closed","template":"","meta":{"footnotes":""},"class_list":["post-46","page","type-page","status-publish","hentry"],"_links":{"self":[{"href":"https:\/\/web.htk.tlu.ee\/koosloome\/wp-json\/wp\/v2\/pages\/46","targetHints":{"allow":["GET"]}}],"collection":[{"href":"https:\/\/web.htk.tlu.ee\/koosloome\/wp-json\/wp\/v2\/pages"}],"about":[{"href":"https:\/\/web.htk.tlu.ee\/koosloome\/wp-json\/wp\/v2\/types\/page"}],"author":[{"embeddable":true,"href":"https:\/\/web.htk.tlu.ee\/koosloome\/wp-json\/wp\/v2\/users\/4"}],"replies":[{"embeddable":true,"href":"https:\/\/web.htk.tlu.ee\/koosloome\/wp-json\/wp\/v2\/comments?post=46"}],"version-history":[{"count":39,"href":"https:\/\/web.htk.tlu.ee\/koosloome\/wp-json\/wp\/v2\/pages\/46\/revisions"}],"predecessor-version":[{"id":220,"href":"https:\/\/web.htk.tlu.ee\/koosloome\/wp-json\/wp\/v2\/pages\/46\/revisions\/220"}],"up":[{"embeddable":true,"href":"https:\/\/web.htk.tlu.ee\/koosloome\/wp-json\/wp\/v2\/pages\/2"}],"wp:attachment":[{"href":"https:\/\/web.htk.tlu.ee\/koosloome\/wp-json\/wp\/v2\/media?parent=46"}],"curies":[{"name":"wp","href":"https:\/\/api.w.org\/{rel}","templated":true}]}}